{"id":3294,"date":"2021-03-13T06:53:05","date_gmt":"2021-03-13T06:53:05","guid":{"rendered":"https:\/\/eventsworld.pro\/zastita-osobnih-podataka\/"},"modified":"2023-11-14T09:32:54","modified_gmt":"2023-11-14T09:32:54","slug":"protezione-dei-dati-personali","status":"publish","type":"page","link":"https:\/\/eventsworld.pro\/it\/protezione-dei-dati-personali\/","title":{"rendered":"Protezione dei dati personali"},"content":{"rendered":"<div class=\"fusion-fullwidth fullwidth-box fusion-builder-row-1 fusion-flex-container nonhundred-percent-fullwidth non-hundred-percent-height-scrolling\" style=\"--awb-border-radius-top-left:0px;--awb-border-radius-top-right:0px;--awb-border-radius-bottom-right:0px;--awb-border-radius-bottom-left:0px;--awb-flex-wrap:wrap;\" ><div class=\"fusion-builder-row fusion-row fusion-flex-align-items-flex-start fusion-flex-content-wrap\" style=\"max-width:1260px;margin-left: calc(-5% \/ 2 );margin-right: calc(-5% \/ 2 );\"><div class=\"fusion-layout-column fusion_builder_column fusion-builder-column-0 fusion_builder_column_1_6 1_6 fusion-flex-column\" style=\"--awb-bg-size:cover;--awb-width-large:16.666666666667%;--awb-margin-top-large:0px;--awb-spacing-right-large:14.25%;--awb-margin-bottom-large:20px;--awb-spacing-left-large:14.25%;--awb-width-medium:100%;--awb-spacing-right-medium:2.375%;--awb-spacing-left-medium:2.375%;--awb-width-small:100%;--awb-spacing-right-small:2.375%;--awb-spacing-left-small:2.375%;\"><div class=\"fusion-column-wrapper fusion-flex-justify-content-flex-start fusion-content-layout-column\"><\/div><\/div><div class=\"fusion-layout-column fusion_builder_column fusion-builder-column-1 fusion_builder_column_2_3 2_3 fusion-flex-column\" style=\"--awb-bg-size:cover;--awb-width-large:66.666666666667%;--awb-margin-top-large:0px;--awb-spacing-right-large:3.5625%;--awb-margin-bottom-large:20px;--awb-spacing-left-large:3.5625%;--awb-width-medium:100%;--awb-spacing-right-medium:2.375%;--awb-spacing-left-medium:2.375%;--awb-width-small:100%;--awb-spacing-right-small:2.375%;--awb-spacing-left-small:2.375%;\"><div class=\"fusion-column-wrapper fusion-flex-justify-content-flex-start fusion-content-layout-column\"><div class=\"fusion-title title fusion-title-1 fusion-sep-none fusion-title-text fusion-title-size-one\" style=\"--awb-margin-top-small:10px;--awb-margin-right-small:0px;--awb-margin-bottom-small:10px;--awb-margin-left-small:0px;--awb-font-size:43px;\"><h1 class=\"fusion-title-heading title-heading-left fusion-responsive-typography-calculated\" style=\"margin:0;font-size:1em;--fontSize:43;line-height:var(--awb-typography1-line-height);\">Protezione dei dati personali<\/h1><\/div><div class=\"fusion-text fusion-text-1\" style=\"--awb-text-transform:none;\"><p style=\"text-align: justify;\">Za\u0161tita osobnih podataka na web stranici www.eventsworld.pro.<\/p>\n<p style=\"text-align: justify;\"><strong>Dati che raccogliamo<\/strong><br \/>\nL\u2019accesso al sito www.eventsworld.pro \u00e8 gratuito e non richiede la registrazione. Contattandoci tramite gli appositi moduli di contatto o via e-mail, inserisci i tuoi dati (contatto, nome e cognome, e nel testo del messaggio fornisci alcune informazioni su di te). Questi dati sono disponibili esclusivamente presso la Events world a cui sono diretti allo scopo di risolvere la tua richiesta. Il conferimento dei dati personali \u00e8 facoltativo. Non elaboriamo pi\u00f9 dati personali di quelli effettivamente necessari per rispondere alla tua richiesta.<\/p>\n<p style=\"text-align: justify;\"><strong>Protezione dei tuoi dati personali<\/strong><br \/>\nEvents world rispetta la tua privacy e tratta i tuoi dati personali in modo equo e legale. Conserviamo i tuoi dati personali in forma elettronica e, ai fini della protezione, applichiamo misure e procedure tecniche, organizzative e di protezione del personale adeguate per impedire l\u2019accesso non autorizzato ai dati personali.<\/p>\n<p style=\"text-align: justify;\"><strong>Messaggi in forma elettronica<\/strong><br \/>\nQuando ci invii una posta elettronica (e-mail) con i tuoi dati personali che possono essere utilizzati per identificarti, indipendentemente dal fatto che si tratti di una posta elettronica con una domanda o lo fai tramite i moduli di contatto presenti sul sito www.eventsworld.pro che ci invii via e-mail, utilizziamo queste informazioni solo allo scopo di soddisfare le tue richieste. Non elaboriamo i dati personali per scopi di marketing e, alla fine dell\u2019anno solare, vengono eliminati dal nostro programma di posta a meno che tu non sia diventato nostro cliente, quindi vengono inseriti nel database del cliente al fine di emettere una fattura per il servizio concordato.<\/p>\n<p style=\"text-align: justify;\"><strong>Cancellazione e vostro accesso ai dati personali<\/strong><br \/>\nI tuoi dati personali che ci hai messo a disposizione saranno conservati solo per un periodo sufficiente a soddisfare lo scopo iniziale della loro raccolta. Sei autorizzato in qualsiasi momento a richiedere la notifica di quali dei tuoi dati personali abbiamo nel nostro database di posta elettronica, nonch\u00e9 a richiedere che tutti o alcuni dati personali vengano modificati (Diritto di rettifica) o cancellati (Diritto all\u2019oblio). Lo farai contattando l\u2019indirizzo <a href=\"mailto:info@eventsworld.pro\">info@eventsworld.pro<\/a> e inviando una notifica con la tua richiesta. Se effettui una di queste richieste, faremo ogni ragionevole sforzo per verificare la tua identit\u00e0 e impedire l\u2019accesso non autorizzato alle informazioni personali.<\/p>\n<p style=\"text-align: justify;\"><strong>Fornire dati personali ad altri destinatari<\/strong><br \/>\nNon forniamo i tuoi dati personali ad altri destinatari. Tuttavia, sul sito www.eventsworld.pro troverete collegamenti ad altri siti web. L\u2019informativa sulla privacy su questi portali potrebbe essere diversa dall\u2019Informativa sulla privacy su www.eventsworld.pro.Sul nostro sito web possiamo anche offrirti l\u2019utilizzo dei social network Events world (Facebook, Instagram, Linkedin, Google) e altri servizi di Google Map, Youtube che consentono la condivisione dei dati personali.<\/p>\n<p style=\"text-align: justify;\"><strong>Statistiche server e analisi google<\/strong><br \/>\nTutti i siti web sotto il controllo di Events world, inclusa questa Pagina, pu\u00f2 utilizzare Google Analytics, un servizio di analisi Internet fornito da Google Inc. (di seguito: Google). Google Analytics utilizza i \u201ccookie\u201d \u2013 piccoli file di testo che vengono automaticamente depositati sul disco rigido del computer dell\u2019utente \u2013 allo scopo di analizzare le abitudini dell\u2019utente. I dati raccolti tramite \u201ccookie\u201d sull\u2019utilizzo del Sito (compreso l\u2019indirizzo IP dell\u2019utente) vengono trasferiti e conservati da Google a server ubicati negli USA. Google utilizzer\u00e0 i dati raccolti allo scopo di valutare l\u2019utilizzo del Sito, generare report sulle attivit\u00e0 del Sito per le esigenze degli operatori del sito Internet e fornire altri servizi relativi all\u2019utilizzo del Sito e, in generale, all\u2019utilizzo della rete. Google pu\u00f2 anche trasferire questi dati a terzi ove ci\u00f2 sia imposto dalla legge o laddove i rispettivi terzi trattino i dati per conto di Google. Google non assocer\u00e0 l\u2019indirizzo IP dell\u2019utente del Sito a nessun altro dato raccolto da Google. Puoi opporti all\u2019uso dei \u201ccookie\u201d selezionando le impostazioni appropriate sul tuo browser, tenendo conto che ci\u00f2 potrebbe influire sulla completa funzionalit\u00e0 del Sito. Utilizzando il Sito, acconsenti al trattamento dei tuoi dati personali da parte di Google secondo le modalit\u00e0 sopra indicate.<\/p>\n<p style=\"text-align: justify;\">Pertanto, si prega di familiarizzare con l\u2019Informativa sulla privacy che si applica ad altri siti Web e social network.<\/p>\n<p style=\"text-align: justify;\"><strong>Misure protettive<\/strong><br \/>\nLa Events world utilizza misure tecnologiche e di sicurezza, regole e altre procedure per proteggere i dati personali degli utenti di questo Sito da accessi non autorizzati, uso improprio, divulgazione, perdita o distruzione. Al fine di garantire la tutela della riservatezza delle informazioni sugli utenti del sito, la Events world utilizza protezioni standard del settore, come firewall e protezione con password. Tuttavia, l\u2019utente \u00e8 obbligato a garantire che il computer che utilizza sia sicuro e protetto da software dannoso come Trojan, virus informatici e worm. L\u2019Utente del Sito \u00e8 consapevole che senza adeguate misure di sicurezza (ad esempio, configurazione sicura del browser Internet, programmi antivirus aggiornati, programmi firewall personali, non utilizzo di programmi da fonti sospette) vi \u00e8 il rischio che i dati e le password utilizzati per impedire l\u2019accesso a i dati personali potranno essere comunicati a soggetti terzi non autorizzati.<\/p>\n<p style=\"text-align: justify;\"><strong>Tutela dei minori<\/strong><br \/>\nQuesto sito \u00e8 destinato agli adulti. Events world non raccoglie dati personali sui minori (definiti come persone di et\u00e0 inferiore ai 18 anni) senza il preventivo e verificabile consenso del suo legale rappresentante. Il rispettivo legale rappresentante ha facolt\u00e0, a propria richiesta, di prendere visione dei dati forniti dal minore e\/o chiederne la cancellazione.<\/p>\n<p style=\"text-align: justify;\"><strong>Limitazione di responsabilit\u00e0<\/strong><br \/>\nSebbene adottiamo le misure tecniche, organizzative e del personale disponibili per impedire la divulgazione non autorizzata dei tuoi dati personali, non possiamo garantire che alcuni dei dati personali che raccogliamo non verranno mai divulgati accidentalmente, contrariamente alle disposizioni della presente Informativa sulla privacy. Nella misura massima consentita dalla legge, escludiamo la responsabilit\u00e0 per danni causati agli utenti oa terzi dalla divulgazione accidentale di dati personali.<\/p>\n<p style=\"text-align: justify;\"><strong>Statistiche del server<\/strong><br \/>\nQuesto sito utilizza Google Analytics per misurare le statistiche sul traffico.<\/p>\n<p style=\"text-align: justify;\"><strong>Responsabile della protezione dei dati personali<\/strong><\/p>\n<p style=\"text-align: justify;\">Events world<br \/>\nUlica 1. svibnja 4, 52470 Umag \u2013 Umago<br \/>\nOIB: 3962815169<br \/>\nTelefono: +385 52 741-942 \/ +385 52 741-168<br \/>\nE.mail: <a href=\"mailto:info@eventsworld.pro\">info@eventsworld.pro<\/a><\/p>\n<p style=\"text-align: justify;\">Utilizzando il sito www.eventsworld.pro, l\u2019utente acconsente al trattamento dei dati personali secondo le modalit\u00e0 sopra indicate<\/p>\n<\/div><\/div><\/div><div class=\"fusion-layout-column fusion_builder_column fusion-builder-column-2 fusion_builder_column_1_6 1_6 fusion-flex-column\" style=\"--awb-bg-size:cover;--awb-width-large:16.666666666667%;--awb-margin-top-large:0px;--awb-spacing-right-large:14.25%;--awb-margin-bottom-large:20px;--awb-spacing-left-large:14.25%;--awb-width-medium:100%;--awb-spacing-right-medium:2.375%;--awb-spacing-left-medium:2.375%;--awb-width-small:100%;--awb-spacing-right-small:2.375%;--awb-spacing-left-small:2.375%;\"><div class=\"fusion-column-wrapper fusion-flex-justify-content-flex-start fusion-content-layout-column\"><\/div><\/div><\/div><\/div>\n","protected":false},"excerpt":{"rendered":"","protected":false},"author":1,"featured_media":0,"parent":0,"menu_order":0,"comment_status":"closed","ping_status":"open","template":"","meta":{"footnotes":""},"class_list":["post-3294","page","type-page","status-publish","hentry"],"yoast_head":"<!-- This site is optimized with the Yoast SEO plugin v27.3 - https:\/\/yoast.com\/product\/yoast-seo-wordpress\/ -->\n<title>Protezione dei dati personali - Events World<\/title>\n<meta name=\"robots\" content=\"index, follow, max-snippet:-1, max-image-preview:large, max-video-preview:-1\" \/>\n<link rel=\"canonical\" href=\"https:\/\/eventsworld.pro\/it\/protezione-dei-dati-personali\/\" \/>\n<meta property=\"og:locale\" content=\"it_IT\" \/>\n<meta property=\"og:type\" content=\"article\" \/>\n<meta property=\"og:title\" content=\"Protezione dei dati personali - Events World\" \/>\n<meta property=\"og:url\" content=\"https:\/\/eventsworld.pro\/it\/protezione-dei-dati-personali\/\" \/>\n<meta property=\"og:site_name\" content=\"Events World\" \/>\n<meta property=\"article:modified_time\" content=\"2023-11-14T09:32:54+00:00\" \/>\n<meta name=\"twitter:card\" content=\"summary_large_image\" \/>\n<meta name=\"twitter:label1\" content=\"Tempo di lettura stimato\" \/>\n\t<meta name=\"twitter:data1\" content=\"7 minuti\" \/>\n<script type=\"application\/ld+json\" class=\"yoast-schema-graph\">{\"@context\":\"https:\\\/\\\/schema.org\",\"@graph\":[{\"@type\":\"WebPage\",\"@id\":\"https:\\\/\\\/eventsworld.pro\\\/it\\\/protezione-dei-dati-personali\\\/\",\"url\":\"https:\\\/\\\/eventsworld.pro\\\/it\\\/protezione-dei-dati-personali\\\/\",\"name\":\"Protezione dei dati personali - Events World\",\"isPartOf\":{\"@id\":\"https:\\\/\\\/eventsworld.pro\\\/#website\"},\"datePublished\":\"2021-03-13T06:53:05+00:00\",\"dateModified\":\"2023-11-14T09:32:54+00:00\",\"breadcrumb\":{\"@id\":\"https:\\\/\\\/eventsworld.pro\\\/it\\\/protezione-dei-dati-personali\\\/#breadcrumb\"},\"inLanguage\":\"it-IT\",\"potentialAction\":[{\"@type\":\"ReadAction\",\"target\":[\"https:\\\/\\\/eventsworld.pro\\\/it\\\/protezione-dei-dati-personali\\\/\"]}]},{\"@type\":\"BreadcrumbList\",\"@id\":\"https:\\\/\\\/eventsworld.pro\\\/it\\\/protezione-dei-dati-personali\\\/#breadcrumb\",\"itemListElement\":[{\"@type\":\"ListItem\",\"position\":1,\"name\":\"Po\u010detna stranica\",\"item\":\"https:\\\/\\\/eventsworld.pro\\\/it\\\/\"},{\"@type\":\"ListItem\",\"position\":2,\"name\":\"Protezione dei dati personali\"}]},{\"@type\":\"WebSite\",\"@id\":\"https:\\\/\\\/eventsworld.pro\\\/#website\",\"url\":\"https:\\\/\\\/eventsworld.pro\\\/\",\"name\":\"Events World\",\"description\":\"Agencija za organizaciju evenata\",\"publisher\":{\"@id\":\"https:\\\/\\\/eventsworld.pro\\\/#organization\"},\"potentialAction\":[{\"@type\":\"SearchAction\",\"target\":{\"@type\":\"EntryPoint\",\"urlTemplate\":\"https:\\\/\\\/eventsworld.pro\\\/?s={search_term_string}\"},\"query-input\":{\"@type\":\"PropertyValueSpecification\",\"valueRequired\":true,\"valueName\":\"search_term_string\"}}],\"inLanguage\":\"it-IT\"},{\"@type\":\"Organization\",\"@id\":\"https:\\\/\\\/eventsworld.pro\\\/#organization\",\"name\":\"Events World\",\"url\":\"https:\\\/\\\/eventsworld.pro\\\/\",\"logo\":{\"@type\":\"ImageObject\",\"inLanguage\":\"it-IT\",\"@id\":\"https:\\\/\\\/eventsworld.pro\\\/#\\\/schema\\\/logo\\\/image\\\/\",\"url\":\"https:\\\/\\\/eventsworld.pro\\\/wp-content\\\/uploads\\\/2023\\\/10\\\/Logo-Events-world.jpg\",\"contentUrl\":\"https:\\\/\\\/eventsworld.pro\\\/wp-content\\\/uploads\\\/2023\\\/10\\\/Logo-Events-world.jpg\",\"width\":1646,\"height\":1021,\"caption\":\"Events World\"},\"image\":{\"@id\":\"https:\\\/\\\/eventsworld.pro\\\/#\\\/schema\\\/logo\\\/image\\\/\"}}]}<\/script>\n<!-- \/ Yoast SEO plugin. -->","yoast_head_json":{"title":"Protezione dei dati personali - Events World","robots":{"index":"index","follow":"follow","max-snippet":"max-snippet:-1","max-image-preview":"max-image-preview:large","max-video-preview":"max-video-preview:-1"},"canonical":"https:\/\/eventsworld.pro\/it\/protezione-dei-dati-personali\/","og_locale":"it_IT","og_type":"article","og_title":"Protezione dei dati personali - Events World","og_url":"https:\/\/eventsworld.pro\/it\/protezione-dei-dati-personali\/","og_site_name":"Events World","article_modified_time":"2023-11-14T09:32:54+00:00","twitter_card":"summary_large_image","twitter_misc":{"Tempo di lettura stimato":"7 minuti"},"schema":{"@context":"https:\/\/schema.org","@graph":[{"@type":"WebPage","@id":"https:\/\/eventsworld.pro\/it\/protezione-dei-dati-personali\/","url":"https:\/\/eventsworld.pro\/it\/protezione-dei-dati-personali\/","name":"Protezione dei dati personali - Events World","isPartOf":{"@id":"https:\/\/eventsworld.pro\/#website"},"datePublished":"2021-03-13T06:53:05+00:00","dateModified":"2023-11-14T09:32:54+00:00","breadcrumb":{"@id":"https:\/\/eventsworld.pro\/it\/protezione-dei-dati-personali\/#breadcrumb"},"inLanguage":"it-IT","potentialAction":[{"@type":"ReadAction","target":["https:\/\/eventsworld.pro\/it\/protezione-dei-dati-personali\/"]}]},{"@type":"BreadcrumbList","@id":"https:\/\/eventsworld.pro\/it\/protezione-dei-dati-personali\/#breadcrumb","itemListElement":[{"@type":"ListItem","position":1,"name":"Po\u010detna stranica","item":"https:\/\/eventsworld.pro\/it\/"},{"@type":"ListItem","position":2,"name":"Protezione dei dati personali"}]},{"@type":"WebSite","@id":"https:\/\/eventsworld.pro\/#website","url":"https:\/\/eventsworld.pro\/","name":"Events World","description":"Agencija za organizaciju evenata","publisher":{"@id":"https:\/\/eventsworld.pro\/#organization"},"potentialAction":[{"@type":"SearchAction","target":{"@type":"EntryPoint","urlTemplate":"https:\/\/eventsworld.pro\/?s={search_term_string}"},"query-input":{"@type":"PropertyValueSpecification","valueRequired":true,"valueName":"search_term_string"}}],"inLanguage":"it-IT"},{"@type":"Organization","@id":"https:\/\/eventsworld.pro\/#organization","name":"Events World","url":"https:\/\/eventsworld.pro\/","logo":{"@type":"ImageObject","inLanguage":"it-IT","@id":"https:\/\/eventsworld.pro\/#\/schema\/logo\/image\/","url":"https:\/\/eventsworld.pro\/wp-content\/uploads\/2023\/10\/Logo-Events-world.jpg","contentUrl":"https:\/\/eventsworld.pro\/wp-content\/uploads\/2023\/10\/Logo-Events-world.jpg","width":1646,"height":1021,"caption":"Events World"},"image":{"@id":"https:\/\/eventsworld.pro\/#\/schema\/logo\/image\/"}}]}},"_links":{"self":[{"href":"https:\/\/eventsworld.pro\/it\/wp-json\/wp\/v2\/pages\/3294","targetHints":{"allow":["GET"]}}],"collection":[{"href":"https:\/\/eventsworld.pro\/it\/wp-json\/wp\/v2\/pages"}],"about":[{"href":"https:\/\/eventsworld.pro\/it\/wp-json\/wp\/v2\/types\/page"}],"author":[{"embeddable":true,"href":"https:\/\/eventsworld.pro\/it\/wp-json\/wp\/v2\/users\/1"}],"replies":[{"embeddable":true,"href":"https:\/\/eventsworld.pro\/it\/wp-json\/wp\/v2\/comments?post=3294"}],"version-history":[{"count":8,"href":"https:\/\/eventsworld.pro\/it\/wp-json\/wp\/v2\/pages\/3294\/revisions"}],"predecessor-version":[{"id":3302,"href":"https:\/\/eventsworld.pro\/it\/wp-json\/wp\/v2\/pages\/3294\/revisions\/3302"}],"wp:attachment":[{"href":"https:\/\/eventsworld.pro\/it\/wp-json\/wp\/v2\/media?parent=3294"}],"curies":[{"name":"wp","href":"https:\/\/api.w.org\/{rel}","templated":true}]}}